{"id":182,"date":"2021-02-26T13:21:01","date_gmt":"2021-02-26T12:21:01","guid":{"rendered":"http:\/\/www.scholzpolska.eu\/?page_id=182"},"modified":"2025-09-30T10:57:03","modified_gmt":"2025-09-30T08:57:03","slug":"punkt-skupu-zlomu-tenczynek","status":"publish","type":"page","link":"https:\/\/www.scholzpolska.eu\/en\/lokalizacje\/punkt-skupu-zlomu-tenczynek\/","title":{"rendered":"Tenczynek collection point"},"content":{"rendered":"","protected":false},"excerpt":{"rendered":"","protected":false},"author":1,"featured_media":0,"parent":23,"menu_order":0,"comment_status":"closed","ping_status":"closed","template":"page-lokalizacja-single.php","meta":{"footnotes":""},"class_list":["post-182","page","type-page","status-publish","hentry"],"acf":[],"yoast_head":"<!-- This site is optimized with the Yoast SEO plugin v23.8 - https:\/\/yoast.com\/wordpress\/plugins\/seo\/ -->\n<title>Tenczynek collection point - Scholz Polska<\/title>\n<meta name=\"robots\" content=\"noindex, follow\" \/>\n<meta property=\"og:locale\" content=\"en_US\" \/>\n<meta property=\"og:type\" content=\"article\" \/>\n<meta property=\"og:title\" content=\"Tenczynek collection point - Scholz Polska\" \/>\n<meta property=\"og:url\" content=\"https:\/\/www.scholzpolska.eu\/en\/lokalizacje\/punkt-skupu-zlomu-tenczynek\/\" \/>\n<meta property=\"og:site_name\" content=\"Recykling i zagospodarowanie odpad\u00f3w, z\u0142omu, pojazd\u00f3w Krak\u00f3w - Scholz Polska\" \/>\n<meta property=\"article:modified_time\" content=\"2025-09-30T08:57:03+00:00\" \/>\n<meta name=\"twitter:card\" content=\"summary_large_image\" \/>\n<script type=\"application\/ld+json\" class=\"yoast-schema-graph\">{\"@context\":\"https:\/\/schema.org\",\"@graph\":[{\"@type\":\"WebPage\",\"@id\":\"https:\/\/www.scholzpolska.eu\/en\/lokalizacje\/punkt-skupu-zlomu-tenczynek\/\",\"url\":\"https:\/\/www.scholzpolska.eu\/en\/lokalizacje\/punkt-skupu-zlomu-tenczynek\/\",\"name\":\"Tenczynek collection point - Scholz Polska\",\"isPartOf\":{\"@id\":\"https:\/\/www.scholzpolska.eu\/en\/#website\"},\"datePublished\":\"2021-02-26T12:21:01+00:00\",\"dateModified\":\"2025-09-30T08:57:03+00:00\",\"breadcrumb\":{\"@id\":\"https:\/\/www.scholzpolska.eu\/en\/lokalizacje\/punkt-skupu-zlomu-tenczynek\/#breadcrumb\"},\"inLanguage\":\"en-US\",\"potentialAction\":[{\"@type\":\"ReadAction\",\"target\":[[\"https:\/\/www.scholzpolska.eu\/en\/lokalizacje\/punkt-skupu-zlomu-tenczynek\/\"]]}]},{\"@type\":\"BreadcrumbList\",\"@id\":\"https:\/\/www.scholzpolska.eu\/en\/lokalizacje\/punkt-skupu-zlomu-tenczynek\/#breadcrumb\",\"itemListElement\":[{\"@type\":\"ListItem\",\"position\":1,\"name\":\"Lokalizacje\",\"item\":\"https:\/\/www.scholzpolska.eu\/en\/lokalizacje\/\"},{\"@type\":\"ListItem\",\"position\":2,\"name\":\"Punkt Skupu Z\u0142omu Tenczynek\"}]},{\"@type\":\"WebSite\",\"@id\":\"https:\/\/www.scholzpolska.eu\/en\/#website\",\"url\":\"https:\/\/www.scholzpolska.eu\/en\/\",\"name\":\"Recykling i zagospodarowanie odpad\u00f3w, z\u0142omu, pojazd\u00f3w Krak\u00f3w - Scholz Polska\",\"description\":\"\",\"potentialAction\":[{\"@type\":\"SearchAction\",\"target\":{\"@type\":\"EntryPoint\",\"urlTemplate\":\"https:\/\/www.scholzpolska.eu\/en\/?s={search_term_string}\"},\"query-input\":{\"@type\":\"PropertyValueSpecification\",\"valueRequired\":true,\"valueName\":\"search_term_string\"}}],\"inLanguage\":\"en-US\"}]}<\/script>\n<!-- \/ Yoast SEO plugin. -->","yoast_head_json":{"title":"Tenczynek collection point - Scholz Polska","robots":{"index":"noindex","follow":"follow"},"og_locale":"en_US","og_type":"article","og_title":"Tenczynek collection point - Scholz Polska","og_url":"https:\/\/www.scholzpolska.eu\/en\/lokalizacje\/punkt-skupu-zlomu-tenczynek\/","og_site_name":"Recykling i zagospodarowanie odpad\u00f3w, z\u0142omu, pojazd\u00f3w Krak\u00f3w - Scholz Polska","article_modified_time":"2025-09-30T08:57:03+00:00","twitter_card":"summary_large_image","schema":{"@context":"https:\/\/schema.org","@graph":[{"@type":"WebPage","@id":"https:\/\/www.scholzpolska.eu\/en\/lokalizacje\/punkt-skupu-zlomu-tenczynek\/","url":"https:\/\/www.scholzpolska.eu\/en\/lokalizacje\/punkt-skupu-zlomu-tenczynek\/","name":"Tenczynek collection point - Scholz Polska","isPartOf":{"@id":"https:\/\/www.scholzpolska.eu\/en\/#website"},"datePublished":"2021-02-26T12:21:01+00:00","dateModified":"2025-09-30T08:57:03+00:00","breadcrumb":{"@id":"https:\/\/www.scholzpolska.eu\/en\/lokalizacje\/punkt-skupu-zlomu-tenczynek\/#breadcrumb"},"inLanguage":"en-US","potentialAction":[{"@type":"ReadAction","target":[["https:\/\/www.scholzpolska.eu\/en\/lokalizacje\/punkt-skupu-zlomu-tenczynek\/"]]}]},{"@type":"BreadcrumbList","@id":"https:\/\/www.scholzpolska.eu\/en\/lokalizacje\/punkt-skupu-zlomu-tenczynek\/#breadcrumb","itemListElement":[{"@type":"ListItem","position":1,"name":"Lokalizacje","item":"https:\/\/www.scholzpolska.eu\/en\/lokalizacje\/"},{"@type":"ListItem","position":2,"name":"Punkt Skupu Z\u0142omu Tenczynek"}]},{"@type":"WebSite","@id":"https:\/\/www.scholzpolska.eu\/en\/#website","url":"https:\/\/www.scholzpolska.eu\/en\/","name":"Recykling i zagospodarowanie odpad\u00f3w, z\u0142omu, pojazd\u00f3w Krak\u00f3w - Scholz Polska","description":"","potentialAction":[{"@type":"SearchAction","target":{"@type":"EntryPoint","urlTemplate":"https:\/\/www.scholzpolska.eu\/en\/?s={search_term_string}"},"query-input":{"@type":"PropertyValueSpecification","valueRequired":true,"valueName":"search_term_string"}}],"inLanguage":"en-US"}]}},"_links":{"self":[{"href":"https:\/\/www.scholzpolska.eu\/en\/wp-json\/wp\/v2\/pages\/182","targetHints":{"allow":["GET"]}}],"collection":[{"href":"https:\/\/www.scholzpolska.eu\/en\/wp-json\/wp\/v2\/pages"}],"about":[{"href":"https:\/\/www.scholzpolska.eu\/en\/wp-json\/wp\/v2\/types\/page"}],"author":[{"embeddable":true,"href":"https:\/\/www.scholzpolska.eu\/en\/wp-json\/wp\/v2\/users\/1"}],"replies":[{"embeddable":true,"href":"https:\/\/www.scholzpolska.eu\/en\/wp-json\/wp\/v2\/comments?post=182"}],"version-history":[{"count":16,"href":"https:\/\/www.scholzpolska.eu\/en\/wp-json\/wp\/v2\/pages\/182\/revisions"}],"predecessor-version":[{"id":921,"href":"https:\/\/www.scholzpolska.eu\/en\/wp-json\/wp\/v2\/pages\/182\/revisions\/921"}],"up":[{"embeddable":true,"href":"https:\/\/www.scholzpolska.eu\/en\/wp-json\/wp\/v2\/pages\/23"}],"wp:attachment":[{"href":"https:\/\/www.scholzpolska.eu\/en\/wp-json\/wp\/v2\/media?parent=182"}],"curies":[{"name":"wp","href":"https:\/\/api.w.org\/{rel}","templated":true}]}}