{"id":250,"date":"2021-04-30T08:27:07","date_gmt":"2021-04-30T06:27:07","guid":{"rendered":"http:\/\/www.scholzpolska.eu\/?page_id=250"},"modified":"2024-12-23T19:16:07","modified_gmt":"2024-12-23T18:16:07","slug":"do-pobrania","status":"publish","type":"page","link":"https:\/\/www.scholzpolska.eu\/en\/for-downloading\/","title":{"rendered":"Downloadable information"},"content":{"rendered":"","protected":false},"excerpt":{"rendered":"","protected":false},"author":1,"featured_media":0,"parent":0,"menu_order":0,"comment_status":"closed","ping_status":"closed","template":"page-dopobrania.php","meta":{"footnotes":""},"class_list":["post-250","page","type-page","status-publish","hentry"],"acf":[],"yoast_head":"<!-- This site is optimized with the Yoast SEO plugin v23.8 - https:\/\/yoast.com\/wordpress\/plugins\/seo\/ -->\n<title>Downloadable information - Scholz Polska<\/title>\n<meta name=\"robots\" content=\"index, follow, max-snippet:-1, max-image-preview:large, max-video-preview:-1\" \/>\n<link rel=\"canonical\" href=\"https:\/\/www.scholzpolska.eu\/en\/wp-json\/wp\/v2\/pages\/250\" \/>\n<meta property=\"og:locale\" content=\"en_US\" \/>\n<meta property=\"og:type\" content=\"article\" \/>\n<meta property=\"og:title\" content=\"Downloadable information - Scholz Polska\" \/>\n<meta property=\"og:url\" content=\"https:\/\/www.scholzpolska.eu\/en\/do-pobrania\/\" \/>\n<meta property=\"og:site_name\" content=\"Recykling i zagospodarowanie odpad\u00f3w, z\u0142omu, pojazd\u00f3w Krak\u00f3w - Scholz Polska\" \/>\n<meta property=\"article:modified_time\" content=\"2024-12-23T18:16:07+00:00\" \/>\n<meta name=\"twitter:card\" content=\"summary_large_image\" \/>\n<script type=\"application\/ld+json\" class=\"yoast-schema-graph\">{\"@context\":\"https:\/\/schema.org\",\"@graph\":[{\"@type\":\"WebPage\",\"@id\":\"https:\/\/www.scholzpolska.eu\/en\/do-pobrania\/\",\"url\":\"https:\/\/www.scholzpolska.eu\/en\/do-pobrania\/\",\"name\":\"Downloadable information - Scholz Polska\",\"isPartOf\":{\"@id\":\"https:\/\/www.scholzpolska.eu\/en\/#website\"},\"datePublished\":\"2021-04-30T06:27:07+00:00\",\"dateModified\":\"2024-12-23T18:16:07+00:00\",\"inLanguage\":\"en-US\",\"potentialAction\":[{\"@type\":\"ReadAction\",\"target\":[[\"https:\/\/www.scholzpolska.eu\/en\/do-pobrania\/\"]]}]},{\"@type\":\"WebSite\",\"@id\":\"https:\/\/www.scholzpolska.eu\/en\/#website\",\"url\":\"https:\/\/www.scholzpolska.eu\/en\/\",\"name\":\"Recykling i zagospodarowanie odpad\u00f3w, z\u0142omu, pojazd\u00f3w Krak\u00f3w - Scholz Polska\",\"description\":\"\",\"potentialAction\":[{\"@type\":\"SearchAction\",\"target\":{\"@type\":\"EntryPoint\",\"urlTemplate\":\"https:\/\/www.scholzpolska.eu\/en\/?s={search_term_string}\"},\"query-input\":{\"@type\":\"PropertyValueSpecification\",\"valueRequired\":true,\"valueName\":\"search_term_string\"}}],\"inLanguage\":\"en-US\"}]}<\/script>\n<!-- \/ Yoast SEO plugin. -->","yoast_head_json":{"title":"Downloadable information - Scholz Polska","robots":{"index":"index","follow":"follow","max-snippet":"max-snippet:-1","max-image-preview":"max-image-preview:large","max-video-preview":"max-video-preview:-1"},"canonical":"https:\/\/www.scholzpolska.eu\/en\/wp-json\/wp\/v2\/pages\/250","og_locale":"en_US","og_type":"article","og_title":"Downloadable information - Scholz Polska","og_url":"https:\/\/www.scholzpolska.eu\/en\/do-pobrania\/","og_site_name":"Recykling i zagospodarowanie odpad\u00f3w, z\u0142omu, pojazd\u00f3w Krak\u00f3w - Scholz Polska","article_modified_time":"2024-12-23T18:16:07+00:00","twitter_card":"summary_large_image","schema":{"@context":"https:\/\/schema.org","@graph":[{"@type":"WebPage","@id":"https:\/\/www.scholzpolska.eu\/en\/do-pobrania\/","url":"https:\/\/www.scholzpolska.eu\/en\/do-pobrania\/","name":"Downloadable information - Scholz Polska","isPartOf":{"@id":"https:\/\/www.scholzpolska.eu\/en\/#website"},"datePublished":"2021-04-30T06:27:07+00:00","dateModified":"2024-12-23T18:16:07+00:00","inLanguage":"en-US","potentialAction":[{"@type":"ReadAction","target":[["https:\/\/www.scholzpolska.eu\/en\/do-pobrania\/"]]}]},{"@type":"WebSite","@id":"https:\/\/www.scholzpolska.eu\/en\/#website","url":"https:\/\/www.scholzpolska.eu\/en\/","name":"Recykling i zagospodarowanie odpad\u00f3w, z\u0142omu, pojazd\u00f3w Krak\u00f3w - Scholz Polska","description":"","potentialAction":[{"@type":"SearchAction","target":{"@type":"EntryPoint","urlTemplate":"https:\/\/www.scholzpolska.eu\/en\/?s={search_term_string}"},"query-input":{"@type":"PropertyValueSpecification","valueRequired":true,"valueName":"search_term_string"}}],"inLanguage":"en-US"}]}},"_links":{"self":[{"href":"https:\/\/www.scholzpolska.eu\/en\/wp-json\/wp\/v2\/pages\/250","targetHints":{"allow":["GET"]}}],"collection":[{"href":"https:\/\/www.scholzpolska.eu\/en\/wp-json\/wp\/v2\/pages"}],"about":[{"href":"https:\/\/www.scholzpolska.eu\/en\/wp-json\/wp\/v2\/types\/page"}],"author":[{"embeddable":true,"href":"https:\/\/www.scholzpolska.eu\/en\/wp-json\/wp\/v2\/users\/1"}],"replies":[{"embeddable":true,"href":"https:\/\/www.scholzpolska.eu\/en\/wp-json\/wp\/v2\/comments?post=250"}],"version-history":[{"count":18,"href":"https:\/\/www.scholzpolska.eu\/en\/wp-json\/wp\/v2\/pages\/250\/revisions"}],"predecessor-version":[{"id":789,"href":"https:\/\/www.scholzpolska.eu\/en\/wp-json\/wp\/v2\/pages\/250\/revisions\/789"}],"wp:attachment":[{"href":"https:\/\/www.scholzpolska.eu\/en\/wp-json\/wp\/v2\/media?parent=250"}],"curies":[{"name":"wp","href":"https:\/\/api.w.org\/{rel}","templated":true}]}}