{"id":81,"date":"2020-12-28T13:14:10","date_gmt":"2020-12-28T12:14:10","guid":{"rendered":"http:\/\/www.scholzpolska.eu\/?page_id=81"},"modified":"2024-11-08T08:21:21","modified_gmt":"2024-11-08T07:21:21","slug":"zlom-stali-stopowych","status":"publish","type":"page","link":"https:\/\/www.scholzpolska.eu\/en\/polski-oferta\/alloyed-steel-scrap\/","title":{"rendered":"Alloyed steel scrap"},"content":{"rendered":"","protected":false},"excerpt":{"rendered":"","protected":false},"author":1,"featured_media":0,"parent":77,"menu_order":0,"comment_status":"closed","ping_status":"closed","template":"page-sidek.php","meta":{"footnotes":""},"class_list":["post-81","page","type-page","status-publish","hentry"],"acf":[],"yoast_head":"<!-- This site is optimized with the Yoast SEO plugin v23.8 - https:\/\/yoast.com\/wordpress\/plugins\/seo\/ -->\n<title>Alloyed steel scrap - Scholz Polska<\/title>\n<meta name=\"robots\" content=\"index, follow, max-snippet:-1, max-image-preview:large, max-video-preview:-1\" \/>\n<link rel=\"canonical\" href=\"https:\/\/www.scholzpolska.eu\/en\/wp-json\/wp\/v2\/pages\/81\" \/>\n<meta property=\"og:locale\" content=\"en_US\" \/>\n<meta property=\"og:type\" content=\"article\" \/>\n<meta property=\"og:title\" content=\"Alloyed steel scrap - Scholz Polska\" \/>\n<meta property=\"og:url\" content=\"https:\/\/www.scholzpolska.eu\/en\/oferta\/zlom-stali-stopowych\/\" \/>\n<meta property=\"og:site_name\" content=\"Recykling i zagospodarowanie odpad\u00f3w, z\u0142omu, pojazd\u00f3w Krak\u00f3w - Scholz Polska\" \/>\n<meta property=\"article:modified_time\" content=\"2024-11-08T07:21:21+00:00\" \/>\n<meta name=\"twitter:card\" content=\"summary_large_image\" \/>\n<script type=\"application\/ld+json\" class=\"yoast-schema-graph\">{\"@context\":\"https:\/\/schema.org\",\"@graph\":[{\"@type\":\"WebPage\",\"@id\":\"https:\/\/www.scholzpolska.eu\/en\/oferta\/zlom-stali-stopowych\/\",\"url\":\"https:\/\/www.scholzpolska.eu\/en\/oferta\/zlom-stali-stopowych\/\",\"name\":\"Alloyed steel scrap - Scholz Polska\",\"isPartOf\":{\"@id\":\"https:\/\/www.scholzpolska.eu\/en\/#website\"},\"datePublished\":\"2020-12-28T12:14:10+00:00\",\"dateModified\":\"2024-11-08T07:21:21+00:00\",\"description\":\"\",\"breadcrumb\":{\"@id\":\"https:\/\/www.scholzpolska.eu\/en\/oferta\/zlom-stali-stopowych\/#breadcrumb\"},\"inLanguage\":\"en-US\",\"potentialAction\":[{\"@type\":\"ReadAction\",\"target\":[[\"https:\/\/www.scholzpolska.eu\/en\/oferta\/zlom-stali-stopowych\/\"]]}]},{\"@type\":\"BreadcrumbList\",\"@id\":\"https:\/\/www.scholzpolska.eu\/en\/oferta\/zlom-stali-stopowych\/#breadcrumb\",\"itemListElement\":[{\"@type\":\"ListItem\",\"position\":1,\"name\":\"Oferta\",\"item\":\"https:\/\/www.scholzpolska.eu\/en\/oferta\/\"},{\"@type\":\"ListItem\",\"position\":2,\"name\":\"Z\u0142om stali stopowych\"}]},{\"@type\":\"WebSite\",\"@id\":\"https:\/\/www.scholzpolska.eu\/en\/#website\",\"url\":\"https:\/\/www.scholzpolska.eu\/en\/\",\"name\":\"Recykling i zagospodarowanie odpad\u00f3w, z\u0142omu, pojazd\u00f3w Krak\u00f3w - Scholz Polska\",\"description\":\"\",\"potentialAction\":[{\"@type\":\"SearchAction\",\"target\":{\"@type\":\"EntryPoint\",\"urlTemplate\":\"https:\/\/www.scholzpolska.eu\/en\/?s={search_term_string}\"},\"query-input\":{\"@type\":\"PropertyValueSpecification\",\"valueRequired\":true,\"valueName\":\"search_term_string\"}}],\"inLanguage\":\"en-US\"}]}<\/script>\n<!-- \/ Yoast SEO plugin. -->","yoast_head_json":{"title":"Alloyed steel scrap - Scholz Polska","robots":{"index":"index","follow":"follow","max-snippet":"max-snippet:-1","max-image-preview":"max-image-preview:large","max-video-preview":"max-video-preview:-1"},"canonical":"https:\/\/www.scholzpolska.eu\/en\/wp-json\/wp\/v2\/pages\/81","og_locale":"en_US","og_type":"article","og_title":"Alloyed steel scrap - Scholz Polska","og_url":"https:\/\/www.scholzpolska.eu\/en\/oferta\/zlom-stali-stopowych\/","og_site_name":"Recykling i zagospodarowanie odpad\u00f3w, z\u0142omu, pojazd\u00f3w Krak\u00f3w - Scholz Polska","article_modified_time":"2024-11-08T07:21:21+00:00","twitter_card":"summary_large_image","schema":{"@context":"https:\/\/schema.org","@graph":[{"@type":"WebPage","@id":"https:\/\/www.scholzpolska.eu\/en\/oferta\/zlom-stali-stopowych\/","url":"https:\/\/www.scholzpolska.eu\/en\/oferta\/zlom-stali-stopowych\/","name":"Alloyed steel scrap - Scholz Polska","isPartOf":{"@id":"https:\/\/www.scholzpolska.eu\/en\/#website"},"datePublished":"2020-12-28T12:14:10+00:00","dateModified":"2024-11-08T07:21:21+00:00","description":"","breadcrumb":{"@id":"https:\/\/www.scholzpolska.eu\/en\/oferta\/zlom-stali-stopowych\/#breadcrumb"},"inLanguage":"en-US","potentialAction":[{"@type":"ReadAction","target":[["https:\/\/www.scholzpolska.eu\/en\/oferta\/zlom-stali-stopowych\/"]]}]},{"@type":"BreadcrumbList","@id":"https:\/\/www.scholzpolska.eu\/en\/oferta\/zlom-stali-stopowych\/#breadcrumb","itemListElement":[{"@type":"ListItem","position":1,"name":"Oferta","item":"https:\/\/www.scholzpolska.eu\/en\/oferta\/"},{"@type":"ListItem","position":2,"name":"Z\u0142om stali stopowych"}]},{"@type":"WebSite","@id":"https:\/\/www.scholzpolska.eu\/en\/#website","url":"https:\/\/www.scholzpolska.eu\/en\/","name":"Recykling i zagospodarowanie odpad\u00f3w, z\u0142omu, pojazd\u00f3w Krak\u00f3w - Scholz Polska","description":"","potentialAction":[{"@type":"SearchAction","target":{"@type":"EntryPoint","urlTemplate":"https:\/\/www.scholzpolska.eu\/en\/?s={search_term_string}"},"query-input":{"@type":"PropertyValueSpecification","valueRequired":true,"valueName":"search_term_string"}}],"inLanguage":"en-US"}]}},"_links":{"self":[{"href":"https:\/\/www.scholzpolska.eu\/en\/wp-json\/wp\/v2\/pages\/81","targetHints":{"allow":["GET"]}}],"collection":[{"href":"https:\/\/www.scholzpolska.eu\/en\/wp-json\/wp\/v2\/pages"}],"about":[{"href":"https:\/\/www.scholzpolska.eu\/en\/wp-json\/wp\/v2\/types\/page"}],"author":[{"embeddable":true,"href":"https:\/\/www.scholzpolska.eu\/en\/wp-json\/wp\/v2\/users\/1"}],"replies":[{"embeddable":true,"href":"https:\/\/www.scholzpolska.eu\/en\/wp-json\/wp\/v2\/comments?post=81"}],"version-history":[{"count":8,"href":"https:\/\/www.scholzpolska.eu\/en\/wp-json\/wp\/v2\/pages\/81\/revisions"}],"predecessor-version":[{"id":459,"href":"https:\/\/www.scholzpolska.eu\/en\/wp-json\/wp\/v2\/pages\/81\/revisions\/459"}],"up":[{"embeddable":true,"href":"https:\/\/www.scholzpolska.eu\/en\/wp-json\/wp\/v2\/pages\/77"}],"wp:attachment":[{"href":"https:\/\/www.scholzpolska.eu\/en\/wp-json\/wp\/v2\/media?parent=81"}],"curies":[{"name":"wp","href":"https:\/\/api.w.org\/{rel}","templated":true}]}}