{"id":835,"date":"2025-06-23T15:12:36","date_gmt":"2025-06-23T13:12:36","guid":{"rendered":"https:\/\/www.scholzpolska.eu\/?page_id=835"},"modified":"2025-09-30T10:54:00","modified_gmt":"2025-09-30T08:54:00","slug":"punkt-skupu-zlomu-myslowice","status":"publish","type":"page","link":"https:\/\/www.scholzpolska.eu\/en\/lokalizacje\/myslowice-collection-point\/","title":{"rendered":"Mys\u0142owice collection point"},"content":{"rendered":"","protected":false},"excerpt":{"rendered":"","protected":false},"author":1,"featured_media":0,"parent":23,"menu_order":0,"comment_status":"closed","ping_status":"closed","template":"page-lokalizacja-single.php","meta":{"footnotes":""},"class_list":["post-835","page","type-page","status-publish","hentry"],"acf":[],"yoast_head":"<!-- This site is optimized with the Yoast SEO plugin v23.8 - https:\/\/yoast.com\/wordpress\/plugins\/seo\/ -->\n<title>Mys\u0142owice collection point - Scholz Polska<\/title>\n<meta name=\"robots\" content=\"index, follow, max-snippet:-1, max-image-preview:large, max-video-preview:-1\" \/>\n<link rel=\"canonical\" href=\"https:\/\/www.scholzpolska.eu\/en\/wp-json\/wp\/v2\/pages\/835\" \/>\n<meta property=\"og:locale\" content=\"en_US\" \/>\n<meta property=\"og:type\" content=\"article\" \/>\n<meta property=\"og:title\" content=\"Mys\u0142owice collection point - Scholz Polska\" \/>\n<meta property=\"og:url\" content=\"https:\/\/www.scholzpolska.eu\/en\/lokalizacje\/punkt-skupu-zlomu-myslowice\/\" \/>\n<meta property=\"og:site_name\" content=\"Recykling i zagospodarowanie odpad\u00f3w, z\u0142omu, pojazd\u00f3w Krak\u00f3w - Scholz Polska\" \/>\n<meta property=\"article:modified_time\" content=\"2025-09-30T08:54:00+00:00\" \/>\n<meta name=\"twitter:card\" content=\"summary_large_image\" \/>\n<script type=\"application\/ld+json\" class=\"yoast-schema-graph\">{\"@context\":\"https:\/\/schema.org\",\"@graph\":[{\"@type\":\"WebPage\",\"@id\":\"https:\/\/www.scholzpolska.eu\/en\/lokalizacje\/punkt-skupu-zlomu-myslowice\/\",\"url\":\"https:\/\/www.scholzpolska.eu\/en\/lokalizacje\/punkt-skupu-zlomu-myslowice\/\",\"name\":\"Mys\u0142owice collection point - Scholz Polska\",\"isPartOf\":{\"@id\":\"https:\/\/www.scholzpolska.eu\/en\/#website\"},\"datePublished\":\"2025-06-23T13:12:36+00:00\",\"dateModified\":\"2025-09-30T08:54:00+00:00\",\"breadcrumb\":{\"@id\":\"https:\/\/www.scholzpolska.eu\/en\/lokalizacje\/punkt-skupu-zlomu-myslowice\/#breadcrumb\"},\"inLanguage\":\"en-US\",\"potentialAction\":[{\"@type\":\"ReadAction\",\"target\":[[\"https:\/\/www.scholzpolska.eu\/en\/lokalizacje\/punkt-skupu-zlomu-myslowice\/\"]]}]},{\"@type\":\"BreadcrumbList\",\"@id\":\"https:\/\/www.scholzpolska.eu\/en\/lokalizacje\/punkt-skupu-zlomu-myslowice\/#breadcrumb\",\"itemListElement\":[{\"@type\":\"ListItem\",\"position\":1,\"name\":\"Lokalizacje\",\"item\":\"https:\/\/www.scholzpolska.eu\/en\/lokalizacje\/\"},{\"@type\":\"ListItem\",\"position\":2,\"name\":\"Punkt Skupu Z\u0142omu Mys\u0142owice\"}]},{\"@type\":\"WebSite\",\"@id\":\"https:\/\/www.scholzpolska.eu\/en\/#website\",\"url\":\"https:\/\/www.scholzpolska.eu\/en\/\",\"name\":\"Recykling i zagospodarowanie odpad\u00f3w, z\u0142omu, pojazd\u00f3w Krak\u00f3w - Scholz Polska\",\"description\":\"\",\"potentialAction\":[{\"@type\":\"SearchAction\",\"target\":{\"@type\":\"EntryPoint\",\"urlTemplate\":\"https:\/\/www.scholzpolska.eu\/en\/?s={search_term_string}\"},\"query-input\":{\"@type\":\"PropertyValueSpecification\",\"valueRequired\":true,\"valueName\":\"search_term_string\"}}],\"inLanguage\":\"en-US\"}]}<\/script>\n<!-- \/ Yoast SEO plugin. -->","yoast_head_json":{"title":"Mys\u0142owice collection point - Scholz Polska","robots":{"index":"index","follow":"follow","max-snippet":"max-snippet:-1","max-image-preview":"max-image-preview:large","max-video-preview":"max-video-preview:-1"},"canonical":"https:\/\/www.scholzpolska.eu\/en\/wp-json\/wp\/v2\/pages\/835","og_locale":"en_US","og_type":"article","og_title":"Mys\u0142owice collection point - Scholz Polska","og_url":"https:\/\/www.scholzpolska.eu\/en\/lokalizacje\/punkt-skupu-zlomu-myslowice\/","og_site_name":"Recykling i zagospodarowanie odpad\u00f3w, z\u0142omu, pojazd\u00f3w Krak\u00f3w - Scholz Polska","article_modified_time":"2025-09-30T08:54:00+00:00","twitter_card":"summary_large_image","schema":{"@context":"https:\/\/schema.org","@graph":[{"@type":"WebPage","@id":"https:\/\/www.scholzpolska.eu\/en\/lokalizacje\/punkt-skupu-zlomu-myslowice\/","url":"https:\/\/www.scholzpolska.eu\/en\/lokalizacje\/punkt-skupu-zlomu-myslowice\/","name":"Mys\u0142owice collection point - Scholz Polska","isPartOf":{"@id":"https:\/\/www.scholzpolska.eu\/en\/#website"},"datePublished":"2025-06-23T13:12:36+00:00","dateModified":"2025-09-30T08:54:00+00:00","breadcrumb":{"@id":"https:\/\/www.scholzpolska.eu\/en\/lokalizacje\/punkt-skupu-zlomu-myslowice\/#breadcrumb"},"inLanguage":"en-US","potentialAction":[{"@type":"ReadAction","target":[["https:\/\/www.scholzpolska.eu\/en\/lokalizacje\/punkt-skupu-zlomu-myslowice\/"]]}]},{"@type":"BreadcrumbList","@id":"https:\/\/www.scholzpolska.eu\/en\/lokalizacje\/punkt-skupu-zlomu-myslowice\/#breadcrumb","itemListElement":[{"@type":"ListItem","position":1,"name":"Lokalizacje","item":"https:\/\/www.scholzpolska.eu\/en\/lokalizacje\/"},{"@type":"ListItem","position":2,"name":"Punkt Skupu Z\u0142omu Mys\u0142owice"}]},{"@type":"WebSite","@id":"https:\/\/www.scholzpolska.eu\/en\/#website","url":"https:\/\/www.scholzpolska.eu\/en\/","name":"Recykling i zagospodarowanie odpad\u00f3w, z\u0142omu, pojazd\u00f3w Krak\u00f3w - Scholz Polska","description":"","potentialAction":[{"@type":"SearchAction","target":{"@type":"EntryPoint","urlTemplate":"https:\/\/www.scholzpolska.eu\/en\/?s={search_term_string}"},"query-input":{"@type":"PropertyValueSpecification","valueRequired":true,"valueName":"search_term_string"}}],"inLanguage":"en-US"}]}},"_links":{"self":[{"href":"https:\/\/www.scholzpolska.eu\/en\/wp-json\/wp\/v2\/pages\/835","targetHints":{"allow":["GET"]}}],"collection":[{"href":"https:\/\/www.scholzpolska.eu\/en\/wp-json\/wp\/v2\/pages"}],"about":[{"href":"https:\/\/www.scholzpolska.eu\/en\/wp-json\/wp\/v2\/types\/page"}],"author":[{"embeddable":true,"href":"https:\/\/www.scholzpolska.eu\/en\/wp-json\/wp\/v2\/users\/1"}],"replies":[{"embeddable":true,"href":"https:\/\/www.scholzpolska.eu\/en\/wp-json\/wp\/v2\/comments?post=835"}],"version-history":[{"count":20,"href":"https:\/\/www.scholzpolska.eu\/en\/wp-json\/wp\/v2\/pages\/835\/revisions"}],"predecessor-version":[{"id":918,"href":"https:\/\/www.scholzpolska.eu\/en\/wp-json\/wp\/v2\/pages\/835\/revisions\/918"}],"up":[{"embeddable":true,"href":"https:\/\/www.scholzpolska.eu\/en\/wp-json\/wp\/v2\/pages\/23"}],"wp:attachment":[{"href":"https:\/\/www.scholzpolska.eu\/en\/wp-json\/wp\/v2\/media?parent=835"}],"curies":[{"name":"wp","href":"https:\/\/api.w.org\/{rel}","templated":true}]}}